{"id":5837,"date":"2023-01-15T13:22:38","date_gmt":"2023-01-15T12:22:38","guid":{"rendered":"https:\/\/pigal.pl\/regulamin-wynajecia-studia-pigal\/"},"modified":"2025-03-07T19:20:22","modified_gmt":"2025-03-07T18:20:22","slug":"studio-rental-terms-and-conditions","status":"publish","type":"page","link":"https:\/\/pigal.pl\/en\/studio-rental-terms-and-conditions\/","title":{"rendered":"Studio rental terms and conditions"},"content":{"rendered":"\t\t<div data-elementor-type=\"wp-page\" data-elementor-id=\"5837\" class=\"elementor elementor-5837 elementor-3693\" data-elementor-post-type=\"page\">\n\t\t\t\t\t\t<section class=\"elementor-section elementor-top-section elementor-element elementor-element-8dfeb36 elementor-section-boxed elementor-section-height-default elementor-section-height-default\" data-id=\"8dfeb36\" data-element_type=\"section\">\n\t\t\t\t\t\t<div class=\"elementor-container elementor-column-gap-default\">\n\t\t\t\t\t<div class=\"elementor-column elementor-col-100 elementor-top-column elementor-element elementor-element-db7c3f7\" data-id=\"db7c3f7\" data-element_type=\"column\">\n\t\t\t<div class=\"elementor-widget-wrap elementor-element-populated\">\n\t\t\t\t\t\t<div class=\"elementor-element elementor-element-45dd726 elementor-widget elementor-widget-text-editor\" data-id=\"45dd726\" data-element_type=\"widget\" data-widget_type=\"text-editor.default\">\n\t\t\t\t<div class=\"elementor-widget-container\">\n\t\t\t\t\t\t\t\t\t<p style=\"text-align: left;\"><strong><span style=\"font-size: 14px;\">Regulamin wynajmu studia fotograficznego \u201estudio PIGAL&#8221;<\/span><\/strong><\/p><p style=\"text-align: left;\"><span style=\"font-size: 14px;\">\u00a71<\/span><\/p><p style=\"text-align: left;\"><span style=\"font-size: 14px;\"><strong>W\u0142a\u015bcicielem i podmiotem zarz\u0105dzaj\u0105cym \u201estudio PIGAL\u201d jest firma \u201cPigal Fotografia Piotr Gi\u017alar\u201d , ul. 1 Maja 22, 43-300 Bielsko-Bia\u0142a, numer NIP: 5532344441, numer REGON: 240895815 w niniejszym Regulaminie okre\u015blanym jako Wynajmuj\u0105cy.<\/strong><\/span><br \/><span style=\"font-size: 14px;\"><strong>Osoby i Firmy korzystaj\u0105ce z wynajmu studia okre\u015blane s\u0105 mianem Najemcy.<\/strong><\/span><\/p><p style=\"text-align: left;\"><strong><em><span style=\"font-size: 14px;\">Podstawowym przeznaczeniem studia jest wykonywanie sesji fotograficznych oraz nagrywanie materia\u0142\u00f3w filmowych.<\/span><\/em><\/strong><br \/><strong><em><span style=\"font-size: 14px;\">Dodatkowo studio mo\u017ce by\u0107 wynajmowane do innych cel\u00f3w m.in.: eventy, spotkania tematyczne, warsztaty, szkolenia, pokazy.<\/span><\/em><\/strong><\/p><p style=\"text-align: left;\"><span style=\"font-size: 14px;\">\u00a72<\/span><\/p><p style=\"text-align: left;\"><span style=\"font-size: 14px;\">2.1 Wynajmuj\u0105cy \u015bwiadczy us\u0142ugi wynajmu studia fotograficznego wraz z wyposa\u017ceniem studyjnym tj. o\u015bwietlenie \u015bwiat\u0142a b\u0142yskowego i sta\u0142ego, akcesoria do lamp.<\/span><br \/><span style=\"font-size: 14px;\">2.2 Sprz\u0119t wchodz\u0105cy w wyposa\u017cenie studia nale\u017cy u\u017cywa\u0107 zgodnie z zaleceniami producenta, w przypadku w\u0105tpliwo\u015bci co do eksploatacji nale\u017cy niezw\u0142ocznie zasi\u0119gn\u0105\u0107 porady Wynajmuj\u0105cego lub skorzysta\u0107 z opcji wynaj\u0119cia Asystenta.<\/span><br \/><span style=\"font-size: 14px;\">2.3 Wynajmuj\u0105cy zobowi\u0105zuje si\u0119 odda\u0107 do u\u017cytku sprz\u0119t sprawny technicznie. Wszelkie usterki sprz\u0119tu nale\u017cy niezw\u0142ocznie zg\u0142asza\u0107.<\/span><br \/><span style=\"font-size: 14px;\">2.4 Najemca zobowi\u0105zuje si\u0119 wykorzystywa\u0107 wynaj\u0119ty sprz\u0119t zgodnie z jego przeznaczeniem i zasadami bezpiecze\u0144stwa oraz dba\u0107, aby powierzony mu sprz\u0119t nie uleg\u0142 uszkodzeniu z winy Najemcy oraz os\u00f3b trzecich przebywaj\u0105cych w studio podczas najmu (modelki, wiza\u017cy\u015bci, asystenci, itp).<\/span><br \/><span style=\"font-size: 14px;\">2.5 Sprz\u0119t o\u015bwietleniowy i studyjny mo\u017ce by\u0107 obs\u0142ugiwany przez osoby, posiadaj\u0105ce wiedz\u0119 techniczna i umiej\u0119tno\u015bci z zakresu korzystania tego typu sprz\u0119tu. W razie stwierdzenia braku powy\u017cszych kwalifikacji, wynajmuj\u0105cy mo\u017ce odm\u00f3wi\u0107 wydania lub korzystania z zarezerwowanego sprz\u0119tu studia fotograficznego.<\/span><br \/><span style=\"font-size: 14px;\"><strong>2.6<\/strong> <strong>Pomieszczenie i wyposa\u017cenie studia nale\u017cy zwr\u00f3ci\u0107 w takim stanie jak przed rozpocz\u0119ciem u\u017cytkowania. Oznacza to, \u017ce nale\u017cy: wy\u0142\u0105czy\u0107 sprz\u0119t i umie\u015bci\u0107 na w\u0142a\u015bciwym miejscu, przenie\u015b\u0107 przesuni\u0119te meble, kwiaty oraz starannie z\u0142o\u017cy\u0107 sprz\u0119t i inne elementy dekoracyjne.<\/strong><\/span><br \/><span style=\"font-size: 14px;\">Najemca zobowi\u0105zuje si\u0119 do pokrycia koszt\u00f3w ewentualnych szk\u00f3d spowodowanych przez Najemc\u0119 lub osoby trzecie przebywaj\u0105ce w studio podczas najmu (modelki, wiza\u017cy\u015bci, asystenci, itp)<\/span><br \/><span style=\"font-size: 14px;\">2.7 Wynajmuj\u0105cy nie odpowiada za szkody po stronie najemcy lub os\u00f3b z nim wsp\u00f3\u0142pracuj\u0105cych, zwi\u0105zane z wykorzystaniem wynajmowanego sprz\u0119tu jak te\u017c nast\u0119pstwa nieszcz\u0119\u015bliwych wypadk\u00f3w z udzia\u0142em os\u00f3b bior\u0105cych udzia\u0142 w pracach w studio.<\/span><\/p><p style=\"text-align: left;\"><span style=\"font-size: 14px;\">\u00a73<\/span><\/p><p style=\"text-align: left;\"><span style=\"font-size: 14px;\">3.1 Wykorzystanie studia do cel\u00f3w niezgodnych z prawem jest zabronione.<\/span><br \/><span style=\"font-size: 14px;\">3.2 Wynajmuj\u0105cy zastrzega sobie mo\u017cliwo\u015b\u0107 przerwania wynaj\u0119cia studia w przypadku gdy prowadzone z jego wykorzystaniem dzia\u0142ania zwi\u0105zane by\u0142yby z tre\u015bciami uznanymi za zakazane w obliczu polskiego prawa.<\/span><br \/><strong><span style=\"font-size: 14px;\">3.3 W studiu obowi\u0105zuje bezwzgl\u0119dny zakaz palenia.<\/span><\/strong><br \/><span style=\"font-size: 14px;\">3.4 Za rzeczy pozostawione w Studio przez Najemc\u0119 lub osoby trzecie, Wynajmuj\u0105cy nie odpowiada.<\/span><br \/><span style=\"font-size: 14px;\">3.5 Wynajmuj\u0105cy nie zgadza si\u0119 na pozostawianie rzeczy i przechowywanie w Studio.<\/span><br \/><span style=\"font-size: 14px;\">3.6 Wynajmuj\u0105cy nie odpowiada za utrudnienia zwi\u0105zane z pracami firm przyleg\u0142ych.<\/span><\/p><p style=\"text-align: left;\"><span style=\"font-size: 14px;\">\u00a74<\/span><\/p><p style=\"text-align: left;\"><span style=\"font-size: 14px;\">4.1 Op\u0142aty za wynajem studia fotograficznego s\u0105 naliczane wg cennika dost\u0119pnego na stronie internetowej lub zgodnie z indywidualnymi uzgodnieniami.<\/span><br \/><span style=\"font-size: 14px;\">4.2 Wszystkie ceny podane w Cenniku s\u0105 cenami netto.<\/span><br \/><strong><span style=\"font-size: 14px;\">4.3 Odwo\u0142anie rezerwacji wynajmu studia oraz sprz\u0119tu poni\u017cej 24h przed dat\u0105 wynajmu \u2013 p\u0142atne przez Najemc\u0119 100% wg Cennika lub zgodnie z osobnymi uzgodnieniami.<\/span><\/strong><br \/><strong><span style=\"font-size: 14px;\">Odwo\u0142anie rezerwacji wynajmu studia oraz sprz\u0119tu pomi\u0119dzy 48-24h przed dat\u0105 wynajmu \u2013 p\u0142atne przez Najemc\u0119 \u00a050% wg Cennika lub zgodnie z osobnymi uzgodnieniami.<\/span><\/strong><br \/><span style=\"font-size: 14px;\"><strong>O anulowaniu rezerwacji lub zmianie terminu nale\u017cy poinformowa\u0107 Wynajmuj\u0105cego mailowo najp\u00f3\u017aniej 48 h przed planowanym dniem wynajmu.<\/strong>\u00a0<\/span><\/p><p style=\"text-align: left;\"><span style=\"font-size: 14px;\">\u00a75<\/span><\/p><p style=\"text-align: left;\"><strong><span style=\"font-size: 14px;\">5.1 Rezerwacji studia mo\u017cna dokona\u0107 mailowo na adres: studio@pigal.pl<\/span><\/strong><br \/><strong><span style=\"font-size: 14px;\">5.2 Rezerwacja b\u0119dzie potwierdzona przez Wynajmuj\u0105cego drog\u0105 mailow\u0105, kolejno zostanie wystawiona Fv Proforma z obowi\u0105zkiem p\u0142atno\u015bci 2 dni od potwierdzenia rezerwacji. Brak p\u0142atno\u015bci jest r\u00f3wnoznaczny z rezygnacj\u0105 z wynaj\u0119cia studia.<\/span><\/strong><br \/><span style=\"font-size: 14px;\">5.3 Do FV Proformy zostanie doliczona sta\u0142a kwota w wysoko\u015bci 200z\u0142 netto jako kaucja za dodatkowe godziny sesji lub zu\u017cycie t\u0142a papierowego. Niewykorzystana kwota kaucji zostanie zwr\u00f3cona na konto do 2 dni roboczych od zako\u0144czenia sesji.<\/span><br \/><span style=\"font-size: 14px;\">5.4 P\u0142atno\u015bci mo\u017cna dokona\u0107 wy\u0142\u0105cznie przelewem na podstawie FV proformy.<\/span><br \/><strong><span style=\"font-size: 14px;\">5.5 Czas trwania wynajmu studia fotograficznego wraz ze sprz\u0119tem liczony jest od godziny potwierdzonej rezerwacj\u0105 (umowa wynaj\u0119cia) \u00a0do ustalonej godziny zako\u0144czenia rezerwacji.<\/span><\/strong>\u00a0<strong><span style=\"font-size: 14px;\">W razie sp\u00f3\u017anienia lub wcze\u015bniejszego zwolnienia studia przez Najemc\u0119, cena nie ulega zmianie.<\/span><\/strong><br \/><span style=\"font-size: 14px;\">5.6 W przypadku wyd\u0142u\u017cenia czasu trwania najmu, czas ten liczy si\u0119 do momentu opuszczenia Studio przez ostatniego uczestnika sesji. Op\u0142ata za przed\u0142u\u017cenie najmu naliczana jest zgodnie z Cennikiem wg wynajmu godzinowego i zostanie rozliczona z pobranej kaucji<\/span><br \/><strong><span style=\"font-size: 14px;\">5.7 Przed\u0142u\u017cenie najmu mo\u017ce nast\u0105pi\u0107, gdy istnieje taka mo\u017cliwo\u015b\u0107 i po konsultacji w Wynajmuj\u0105cym.<\/span><\/strong><\/p><p style=\"text-align: left;\"><span style=\"font-size: 14px;\">5.8 Dane osobowe wykorzystywane s\u0105 tylko do zawarcia umowy wynajmu Studio.<\/span><br \/><span style=\"font-size: 14px;\">\u00a76<\/span><\/p><p style=\"text-align: left;\"><strong><span style=\"font-size: 14px;\">Najemca rezerwuj\u0105c studio jest w pe\u0142ni \u015bwiadomy zasad \u00a0zawartych w \u201cRegulaminie wynajmu studia fotograficznego \u201cStudio PIGAL\u201d oraz zdaje sobie spraw\u0119 z konsekwencji nie wywi\u0105zania si\u0119 z jego postanowie\u0144.<\/span><\/strong><\/p><p style=\"text-align: left;\"><span style=\"font-size: 14px;\">\u00a77<\/span><\/p><p style=\"text-align: left;\"><span style=\"font-size: 14px;\">Niniejszy regulamin obowi\u0105zuje od 01 stycznia 2023 roku.<\/span><br \/><span style=\"font-size: 14px;\">Wynajmuj\u0105cy zastrzega sobie mo\u017cliwo\u015b\u0107 zmiany niniejszego regulaminu.<\/span><\/p>\t\t\t\t\t\t\t\t<\/div>\n\t\t\t\t<\/div>\n\t\t\t\t\t<\/div>\n\t\t<\/div>\n\t\t\t\t\t<\/div>\n\t\t<\/section>\n\t\t\t\t<\/div>\n\t\t","protected":false},"excerpt":{"rendered":"<p>Regulamin wynajmu studia fotograficznego \u201estudio PIGAL&#8221; \u00a71 W\u0142a\u015bcicielem i podmiotem zarz\u0105dzaj\u0105cym \u201estudio PIGAL\u201d jest firma \u201cPigal Fotografia Piotr Gi\u017alar\u201d , ul. 1 Maja 22, 43-300 Bielsko-Bia\u0142a, numer NIP: 5532344441, numer REGON: 240895815 w niniejszym Regulaminie okre\u015blanym jako Wynajmuj\u0105cy. Osoby i Firmy korzystaj\u0105ce z wynajmu studia okre\u015blane s\u0105 mianem Najemcy. Podstawowym przeznaczeniem studia jest wykonywanie sesji [&hellip;]<\/p>\n","protected":false},"author":1,"featured_media":0,"parent":0,"menu_order":8,"comment_status":"closed","ping_status":"closed","template":"","meta":{"_acf_changed":false,"footnotes":""},"class_list":["post-5837","page","type-page","status-publish","hentry"],"acf":[],"yoast_head":"<!-- This site is optimized with the Yoast SEO plugin v24.6 - https:\/\/yoast.com\/wordpress\/plugins\/seo\/ -->\n<title>Studio rental terms and conditions - Pigal Agency<\/title>\n<meta name=\"robots\" content=\"index, follow, max-snippet:-1, max-image-preview:large, max-video-preview:-1\" \/>\n<link rel=\"canonical\" href=\"https:\/\/pigal.pl\/en\/studio-rental-terms-and-conditions\/\" \/>\n<meta property=\"og:locale\" content=\"en_US\" \/>\n<meta property=\"og:type\" content=\"article\" \/>\n<meta property=\"og:title\" content=\"Studio rental terms and conditions - Pigal Agency\" \/>\n<meta property=\"og:description\" content=\"Regulamin wynajmu studia fotograficznego \u201estudio PIGAL&#8221; \u00a71 W\u0142a\u015bcicielem i podmiotem zarz\u0105dzaj\u0105cym \u201estudio PIGAL\u201d jest firma \u201cPigal Fotografia Piotr Gi\u017alar\u201d , ul. 1 Maja 22, 43-300 Bielsko-Bia\u0142a, numer NIP: 5532344441, numer REGON: 240895815 w niniejszym Regulaminie okre\u015blanym jako Wynajmuj\u0105cy. Osoby i Firmy korzystaj\u0105ce z wynajmu studia okre\u015blane s\u0105 mianem Najemcy. Podstawowym przeznaczeniem studia jest wykonywanie sesji [&hellip;]\" \/>\n<meta property=\"og:url\" content=\"https:\/\/pigal.pl\/en\/studio-rental-terms-and-conditions\/\" \/>\n<meta property=\"og:site_name\" content=\"Pigal Agency\" \/>\n<meta property=\"article:modified_time\" content=\"2025-03-07T18:20:22+00:00\" \/>\n<meta name=\"twitter:card\" content=\"summary_large_image\" \/>\n<meta name=\"twitter:label1\" content=\"Est. reading time\" \/>\n\t<meta name=\"twitter:data1\" content=\"5 minutes\" \/>\n<script type=\"application\/ld+json\" class=\"yoast-schema-graph\">{\"@context\":\"https:\/\/schema.org\",\"@graph\":[{\"@type\":\"WebPage\",\"@id\":\"https:\/\/pigal.pl\/en\/studio-rental-terms-and-conditions\/\",\"url\":\"https:\/\/pigal.pl\/en\/studio-rental-terms-and-conditions\/\",\"name\":\"Studio rental terms and conditions - Pigal Agency\",\"isPartOf\":{\"@id\":\"https:\/\/pigal.pl\/en\/#website\"},\"datePublished\":\"2023-01-15T12:22:38+00:00\",\"dateModified\":\"2025-03-07T18:20:22+00:00\",\"breadcrumb\":{\"@id\":\"https:\/\/pigal.pl\/en\/studio-rental-terms-and-conditions\/#breadcrumb\"},\"inLanguage\":\"en-US\",\"potentialAction\":[{\"@type\":\"ReadAction\",\"target\":[\"https:\/\/pigal.pl\/en\/studio-rental-terms-and-conditions\/\"]}]},{\"@type\":\"BreadcrumbList\",\"@id\":\"https:\/\/pigal.pl\/en\/studio-rental-terms-and-conditions\/#breadcrumb\",\"itemListElement\":[{\"@type\":\"ListItem\",\"position\":1,\"name\":\"Strona g\u0142\u00f3wna\",\"item\":\"https:\/\/pigal.pl\/en\/\"},{\"@type\":\"ListItem\",\"position\":2,\"name\":\"Studio rental terms and conditions\"}]},{\"@type\":\"WebSite\",\"@id\":\"https:\/\/pigal.pl\/en\/#website\",\"url\":\"https:\/\/pigal.pl\/en\/\",\"name\":\"Pigal Agency\",\"description\":\"Uczy\u0144my to po\u017c\u0105danym\",\"potentialAction\":[{\"@type\":\"SearchAction\",\"target\":{\"@type\":\"EntryPoint\",\"urlTemplate\":\"https:\/\/pigal.pl\/en\/?s={search_term_string}\"},\"query-input\":{\"@type\":\"PropertyValueSpecification\",\"valueRequired\":true,\"valueName\":\"search_term_string\"}}],\"inLanguage\":\"en-US\"}]}<\/script>\n<!-- \/ Yoast SEO plugin. -->","yoast_head_json":{"title":"Studio rental terms and conditions - Pigal Agency","robots":{"index":"index","follow":"follow","max-snippet":"max-snippet:-1","max-image-preview":"max-image-preview:large","max-video-preview":"max-video-preview:-1"},"canonical":"https:\/\/pigal.pl\/en\/studio-rental-terms-and-conditions\/","og_locale":"en_US","og_type":"article","og_title":"Studio rental terms and conditions - Pigal Agency","og_description":"Regulamin wynajmu studia fotograficznego \u201estudio PIGAL&#8221; \u00a71 W\u0142a\u015bcicielem i podmiotem zarz\u0105dzaj\u0105cym \u201estudio PIGAL\u201d jest firma \u201cPigal Fotografia Piotr Gi\u017alar\u201d , ul. 1 Maja 22, 43-300 Bielsko-Bia\u0142a, numer NIP: 5532344441, numer REGON: 240895815 w niniejszym Regulaminie okre\u015blanym jako Wynajmuj\u0105cy. Osoby i Firmy korzystaj\u0105ce z wynajmu studia okre\u015blane s\u0105 mianem Najemcy. Podstawowym przeznaczeniem studia jest wykonywanie sesji [&hellip;]","og_url":"https:\/\/pigal.pl\/en\/studio-rental-terms-and-conditions\/","og_site_name":"Pigal Agency","article_modified_time":"2025-03-07T18:20:22+00:00","twitter_card":"summary_large_image","twitter_misc":{"Est. reading time":"5 minutes"},"schema":{"@context":"https:\/\/schema.org","@graph":[{"@type":"WebPage","@id":"https:\/\/pigal.pl\/en\/studio-rental-terms-and-conditions\/","url":"https:\/\/pigal.pl\/en\/studio-rental-terms-and-conditions\/","name":"Studio rental terms and conditions - Pigal Agency","isPartOf":{"@id":"https:\/\/pigal.pl\/en\/#website"},"datePublished":"2023-01-15T12:22:38+00:00","dateModified":"2025-03-07T18:20:22+00:00","breadcrumb":{"@id":"https:\/\/pigal.pl\/en\/studio-rental-terms-and-conditions\/#breadcrumb"},"inLanguage":"en-US","potentialAction":[{"@type":"ReadAction","target":["https:\/\/pigal.pl\/en\/studio-rental-terms-and-conditions\/"]}]},{"@type":"BreadcrumbList","@id":"https:\/\/pigal.pl\/en\/studio-rental-terms-and-conditions\/#breadcrumb","itemListElement":[{"@type":"ListItem","position":1,"name":"Strona g\u0142\u00f3wna","item":"https:\/\/pigal.pl\/en\/"},{"@type":"ListItem","position":2,"name":"Studio rental terms and conditions"}]},{"@type":"WebSite","@id":"https:\/\/pigal.pl\/en\/#website","url":"https:\/\/pigal.pl\/en\/","name":"Pigal Agency","description":"Uczy\u0144my to po\u017c\u0105danym","potentialAction":[{"@type":"SearchAction","target":{"@type":"EntryPoint","urlTemplate":"https:\/\/pigal.pl\/en\/?s={search_term_string}"},"query-input":{"@type":"PropertyValueSpecification","valueRequired":true,"valueName":"search_term_string"}}],"inLanguage":"en-US"}]}},"_links":{"self":[{"href":"https:\/\/pigal.pl\/en\/wp-json\/wp\/v2\/pages\/5837","targetHints":{"allow":["GET"]}}],"collection":[{"href":"https:\/\/pigal.pl\/en\/wp-json\/wp\/v2\/pages"}],"about":[{"href":"https:\/\/pigal.pl\/en\/wp-json\/wp\/v2\/types\/page"}],"author":[{"embeddable":true,"href":"https:\/\/pigal.pl\/en\/wp-json\/wp\/v2\/users\/1"}],"replies":[{"embeddable":true,"href":"https:\/\/pigal.pl\/en\/wp-json\/wp\/v2\/comments?post=5837"}],"version-history":[{"count":2,"href":"https:\/\/pigal.pl\/en\/wp-json\/wp\/v2\/pages\/5837\/revisions"}],"predecessor-version":[{"id":5840,"href":"https:\/\/pigal.pl\/en\/wp-json\/wp\/v2\/pages\/5837\/revisions\/5840"}],"wp:attachment":[{"href":"https:\/\/pigal.pl\/en\/wp-json\/wp\/v2\/media?parent=5837"}],"curies":[{"name":"wp","href":"https:\/\/api.w.org\/{rel}","templated":true}]}}